{"id":24,"date":"2026-02-04T14:57:49","date_gmt":"2026-02-04T11:57:49","guid":{"rendered":"https:\/\/www.c-advice.com\/offerings\/"},"modified":"2026-04-01T11:04:38","modified_gmt":"2026-04-01T08:04:38","slug":"palvelut","status":"publish","type":"page","link":"https:\/\/www.c-advice.com\/?page_id=24","title":{"rendered":"Palvelut"},"content":{"rendered":"<div data-spectra-id=\"7024acc2\"\tstyle=\"overflow: visible; --spectra-background-color: var(--ast-global-color-7); --spectra-overlay-opacity: 0.4;\" class=\"spectra-is-root-container alignfull spectra-overlay-color spectra-overflow spectra-background-color spectra-dim-ratio wp-block-spectra-container\" data-orientation=\"vertical\"\t>\n\t\n<div data-spectra-id=\"spectra-mg0p098u-iu26pt\" style=\"overflow: visible;--spectra-text-color-hover: #fcb900\" class=\"spectra-overlay-color spectra-overflow spectra-text-color-hover wp-block-spectra-container\" data-orientation=\"vertical\">\n\t\n\t<h1 data-spectra-id=\"spectra-45be0f1e-title\" style=\"--spectra-text-color: ast-global-color-5;--spectra-text-color-hover: var(--ast-global-color-0)\" class=\"has-text-color spectra-text-color spectra-text-color-hover wp-block-spectra-content has-text-color has-ast-global-color-5-color\">\n\t\t<strong>Kun resurssit loppuvat,<br>me aloitamme<\/strong>.\t<\/h1>\n\n<\/div>\n\n<\/div>\n\n\n<div data-spectra-id=\"spectra-046dc7a3-b9b4-4a68-9292-0ad68bf2accd\"\tstyle=\"overflow: visible;\" class=\"spectra-is-root-container alignfull spectra-overlay-color spectra-overflow wp-block-spectra-container\" data-orientation=\"vertical\"\t>\n\t\n<div data-spectra-id=\"spectra-mg0cezke-0i2icc\" style=\"overflow: visible\" class=\"spectra-overlay-color spectra-overflow wp-block-spectra-container\" data-orientation=\"vertical\">\n\t\n<div data-spectra-id=\"spectra-e84ff2b3-5a73-4918-9574-5a021c418db6\" style=\"overflow: visible\" class=\"spectra-overlay-color is-vertical-desktop is-vertical-tablet-from-desktop is-vertical-mobile spectra-overflow wp-block-spectra-container\" data-orientation=\"vertical\">\n\t\n<div data-spectra-id=\"spectra-f2bea462-bd5a-4611-acec-5b5f0b4e2017\" style=\"overflow: visible;--spectra-background-color: var(--ast-global-color-5);--spectra-overlay-opacity: 0\" class=\"spectra-overlay-color spectra-overflow spectra-background-color spectra-dim-ratio wp-block-spectra-container\" data-orientation=\"vertical\">\n\t\n<div data-spectra-id=\"spectra-mnfraz98-rvacbj\" style=\"overflow: visible\" class=\"spectra-overlay-color spectra-overflow wp-block-spectra-container\" data-orientation=\"vertical\">\n\t<\/div>\n\n<\/div>\n\n\n<div data-spectra-id=\"spectra-4caff675-5d38-4af2-a093-4cbc8b4372e2\" style=\"overflow: visible;--spectra-background-color: var(--ast-global-color-5)\" class=\"spectra-overlay-color spectra-overflow spectra-background-color wp-block-spectra-container\" data-orientation=\"vertical\">\n\t\n\t<h2 data-spectra-id=\"spectra-237da34f-db7f-4ad9-9bf2-a4380c80997d\" style=\"--spectra-text-color: ast-global-color-2\" class=\"has-text-color has-link-color spectra-text-color wp-elements-7a4e77e5248746413435bdb602f4baa6 wp-block-spectra-content has-text-color has-ast-global-color-2-color\">\n\t\tProjektisuunnittelu\t<\/h2>\n\n\n\t<p data-spectra-id=\"spectra-172ac52f-15f2-4182-b58f-68f08d3af7ec\" style=\"--spectra-text-color: ast-global-color-3\" class=\"has-text-color has-link-color spectra-text-color wp-elements-78025d80d68b891df24a861194dde515 wp-block-spectra-content has-text-color has-ast-global-color-3-color\">\n\t\tTarjoamme asiantuntevaa ja k\u00e4yt\u00e4nn\u00f6nl\u00e4heist\u00e4 projektisuunnittelua kaiken kokoisiin hankkeisiin.<br><br>Toimimme joustavasti osana projektianne tarpeidenne mukaan ja tuemme teit\u00e4 koko projektin elinkaaren ajan, <br>ideasta toteutukseen.\t<\/p>\n\n<\/div>\n\n<\/div>\n\n\n<div data-spectra-id=\"spectra-6376d6ce-1cee-4449-b99a-a92bad35217f\" style=\"overflow: visible\" class=\"spectra-overlay-color spectra-overflow wp-block-spectra-container\" data-orientation=\"vertical\">\n\t\n<div data-spectra-id=\"spectra-ec087ef3-5342-47ce-9110-8d2fc78c68f1\" style=\"overflow: visible;--spectra-background-color: var(--ast-global-color-5)\" class=\"spectra-overlay-color spectra-overflow spectra-background-color wp-block-spectra-container\" data-orientation=\"vertical\">\n\t\n\t<h2 data-spectra-id=\"spectra-27dec5eb-2d54-4246-a54b-514fbe3eb245\" style=\"--spectra-text-color: ast-global-color-2\" class=\"has-text-color has-link-color spectra-text-color wp-elements-330b7adb7e5132617d115ad99ff301bf wp-block-spectra-content has-text-color has-ast-global-color-2-color\">\n\t\tTuotesuunnittelu\t<\/h2>\n\n\n\t<p data-spectra-id=\"spectra-600cdd70-9823-4b07-b5b3-fcd71be8a8bc\" style=\"--spectra-text-color: ast-global-color-3\" class=\"has-text-color has-link-color spectra-text-color wp-elements-db9b84023debc2a55a628f444af63a91 wp-block-spectra-content has-text-color has-ast-global-color-3-color\">\n\t\tTeemme tiivist\u00e4 yhteisty\u00f6t\u00e4 asiakkaan kanssa, <br>jotta lopputulos on k\u00e4yt\u00e4nn\u00f6llinen, kustannustehokas ja markkinoilla menestyv\u00e4. <br><br>Suunnitteluprosessimme kattaa ideoinnin, mallinnuksen sek\u00e4 prototyyppien valmistuksen aina nollasarjaan saakka.\t<\/p>\n\n<\/div>\n\n\n<div data-spectra-id=\"spectra-mnfrcb8u-lfja77\" style=\"overflow: visible;--spectra-overlay-opacity: 0\" class=\"spectra-overlay-color spectra-overflow spectra-dim-ratio wp-block-spectra-container\" data-orientation=\"vertical\">\n\t<\/div>\n\n<\/div>\n\n\n<div data-spectra-id=\"spectra-6f4a064d-8bd8-4a62-9d65-9cc051516081\" style=\"overflow: visible\" class=\"spectra-overlay-color is-vertical-desktop is-vertical-tablet-from-desktop is-vertical-mobile spectra-overflow wp-block-spectra-container\" data-orientation=\"vertical\">\n\t\n<div data-spectra-id=\"spectra-mnfrckz7-rjvoat\" style=\"overflow: visible;--spectra-overlay-opacity: 0\" class=\"spectra-overlay-color spectra-overflow spectra-dim-ratio wp-block-spectra-container\" data-orientation=\"vertical\">\n\t<\/div>\n\n\n<div data-spectra-id=\"spectra-c2b637a3-e313-435f-9519-c434c7eeeea0\" style=\"overflow: visible;--spectra-background-color: var(--ast-global-color-5)\" class=\"spectra-overlay-color spectra-overflow spectra-background-color wp-block-spectra-container\" data-orientation=\"vertical\">\n\t\n\t<h2 data-spectra-id=\"spectra-6cb22b17-db6b-4844-a3db-d97445fedebf\" style=\"--spectra-text-color: ast-global-color-2\" class=\"has-text-color has-link-color spectra-text-color wp-elements-e98c6c934438b574121db88bdeed3e0c wp-block-spectra-content has-text-color has-ast-global-color-2-color\">\n\t\tDokumentointi\t<\/h2>\n\n\n\t<p data-spectra-id=\"spectra-c355ba16-507a-4e52-8494-a2409b9fdb6d\" style=\"--spectra-text-color: ast-global-color-3\" class=\"has-text-color has-link-color spectra-text-color wp-elements-7df8da34b69c34c49acb8d0fe3ec6a7a wp-block-spectra-content has-text-color has-ast-global-color-3-color\">\n\t\tDokumentointi tehd\u00e4\u00e4n aina kohderyhm\u00e4\u00e4 ajatellen sek\u00e4<br>ymm\u00e4rrett\u00e4v\u00e4sti, t\u00e4sm\u00e4llisesti ja ajantasaisesti. <br><br>Tarjoamme lis\u00e4ksi jatkuvan p\u00e4ivitys- ja yll\u00e4pitopalvelun dokumentaatiolle koko projektin elinkaaren ajan.\t<\/p>\n\n<\/div>\n\n<\/div>\n\n<\/div>\n\n<\/div>\n\n\n<div data-spectra-id=\"165918a9\"\tstyle=\"overflow: visible; --spectra-background-color: var(--ast-global-color-7); --spectra-overlay-opacity: 0.8;\" class=\"spectra-is-root-container alignfull spectra-overlay-color spectra-overflow spectra-background-color spectra-dim-ratio wp-block-spectra-container\" data-orientation=\"vertical\"\t>\n\t\n<div data-spectra-id=\"spectra-15bf6267-root\" style=\"overflow: visible\" class=\"spectra-overlay-color spectra-overflow wp-block-spectra-container\" data-orientation=\"vertical\">\n\t\n\t<h3 data-spectra-id=\"spectra-15bf6267-title\" style=\"--spectra-text-color: #ffffff\" class=\"has-text-color spectra-text-color wp-block-spectra-content has-text-color has-ffffff-color\">\n\t\tOlemme osoittaneet, ett\u00e4 yhdist\u00e4m\u00e4ll\u00e4 vahvan ammattitaidon, modernit suunnittelumenetelm\u00e4t ja<br> innovatiivisen ajattelun parannamme  asiakkaidemme tuotehallintaa ja tuotekehitysprosesseja. <br><br>Palvelumme vahvistavat asiakkaiden kilpailukyky\u00e4 ja tukevat kest\u00e4vien, <br>tarpeita ja odotuksia vastaavien ratkaisujen kehitt\u00e4mist\u00e4.\t<\/h3>\n\n\n<div data-spectra-id=\"spectra-15bf6267-buttons\" class=\"wp-block-button spectra-buttons wp-block-spectra-buttons\">\n\t\n<a data-spectra-id=\"spectra-15bf6267-button\" href=\"https:\/\/www.c-advice.com\/?page_id=26\" target=\"_self\" aria-label=\"pyyd\u00e4 tarjous\" class=\"wp-block-button__link wp-element-button wp-block-spectra-button\">\n<div class=\"spectra-button__link\">pyyd\u00e4 tarjous<\/div><\/a>\n\n<\/div>\n\n<\/div>\n\n<\/div>\n","protected":false},"excerpt":{"rendered":"","protected":false},"author":2,"featured_media":0,"parent":0,"menu_order":0,"comment_status":"closed","ping_status":"closed","template":"","meta":{"_uag_custom_page_level_css":"","site-sidebar-layout":"no-sidebar","site-content-layout":"","ast-site-content-layout":"normal-width-container","site-content-style":"default","site-sidebar-style":"default","ast-global-header-display":"","ast-banner-title-visibility":"","ast-main-header-display":"","ast-hfb-above-header-display":"","ast-hfb-below-header-display":"","ast-hfb-mobile-header-display":"","site-post-title":"disabled","ast-breadcrumbs-content":"","ast-featured-img":"","footer-sml-layout":"","ast-disable-related-posts":"","theme-transparent-header-meta":"enabled","adv-header-id-meta":"","stick-header-meta":"","header-above-stick-meta":"","header-main-stick-meta":"","header-below-stick-meta":"","astra-migrate-meta-layouts":"default","ast-page-background-enabled":"default","ast-page-background-meta":{"desktop":{"background-color":"var(--ast-global-color-4)","background-image":"","background-repeat":"repeat","background-position":"center center","background-size":"auto","background-attachment":"scroll","background-type":"","background-media":"","overlay-type":"","overlay-color":"","overlay-opacity":"","overlay-gradient":""},"tablet":{"background-color":"","background-image":"","background-repeat":"repeat","background-position":"center center","background-size":"auto","background-attachment":"scroll","background-type":"","background-media":"","overlay-type":"","overlay-color":"","overlay-opacity":"","overlay-gradient":""},"mobile":{"background-color":"","background-image":"","background-repeat":"repeat","background-position":"center center","background-size":"auto","background-attachment":"scroll","background-type":"","background-media":"","overlay-type":"","overlay-color":"","overlay-opacity":"","overlay-gradient":""}},"ast-content-background-meta":{"desktop":{"background-color":"var(--ast-global-color-5)","background-image":"","background-repeat":"repeat","background-position":"center center","background-size":"auto","background-attachment":"scroll","background-type":"","background-media":"","overlay-type":"","overlay-color":"","overlay-opacity":"","overlay-gradient":""},"tablet":{"background-color":"var(--ast-global-color-5)","background-image":"","background-repeat":"repeat","background-position":"center center","background-size":"auto","background-attachment":"scroll","background-type":"","background-media":"","overlay-type":"","overlay-color":"","overlay-opacity":"","overlay-gradient":""},"mobile":{"background-color":"var(--ast-global-color-5)","background-image":"","background-repeat":"repeat","background-position":"center center","background-size":"auto","background-attachment":"scroll","background-type":"","background-media":"","overlay-type":"","overlay-color":"","overlay-opacity":"","overlay-gradient":""}},"footnotes":""},"class_list":["post-24","page","type-page","status-publish","hentry"],"uagb_featured_image_src":{"full":false,"thumbnail":false,"medium":false,"medium_large":false,"large":false,"1536x1536":false,"2048x2048":false},"uagb_author_info":{"display_name":"Sanna Rantanen","author_link":"https:\/\/www.c-advice.com\/?author=2"},"uagb_comment_info":0,"uagb_excerpt":null,"_links":{"self":[{"href":"https:\/\/www.c-advice.com\/index.php?rest_route=\/wp\/v2\/pages\/24","targetHints":{"allow":["GET"]}}],"collection":[{"href":"https:\/\/www.c-advice.com\/index.php?rest_route=\/wp\/v2\/pages"}],"about":[{"href":"https:\/\/www.c-advice.com\/index.php?rest_route=\/wp\/v2\/types\/page"}],"author":[{"embeddable":true,"href":"https:\/\/www.c-advice.com\/index.php?rest_route=\/wp\/v2\/users\/2"}],"replies":[{"embeddable":true,"href":"https:\/\/www.c-advice.com\/index.php?rest_route=%2Fwp%2Fv2%2Fcomments&post=24"}],"version-history":[{"count":21,"href":"https:\/\/www.c-advice.com\/index.php?rest_route=\/wp\/v2\/pages\/24\/revisions"}],"predecessor-version":[{"id":3115,"href":"https:\/\/www.c-advice.com\/index.php?rest_route=\/wp\/v2\/pages\/24\/revisions\/3115"}],"wp:attachment":[{"href":"https:\/\/www.c-advice.com\/index.php?rest_route=%2Fwp%2Fv2%2Fmedia&parent=24"}],"curies":[{"name":"wp","href":"https:\/\/api.w.org\/{rel}","templated":true}]}}