{"id":26,"date":"2026-02-04T14:57:49","date_gmt":"2026-02-04T11:57:49","guid":{"rendered":"https:\/\/www.c-advice.com\/contact-2\/"},"modified":"2026-04-01T10:49:36","modified_gmt":"2026-04-01T07:49:36","slug":"yhteystiedot","status":"publish","type":"page","link":"https:\/\/www.c-advice.com\/?page_id=26","title":{"rendered":"Yhteystiedot"},"content":{"rendered":"<div data-spectra-id=\"83619173\"\tstyle=\"overflow: visible; --spectra-background-color: var(--ast-global-color-7); --spectra-overlay-opacity: 0.4;\" class=\"spectra-is-root-container alignfull spectra-overlay-color spectra-overflow spectra-background-color spectra-dim-ratio wp-block-spectra-container\" data-orientation=\"vertical\"\t>\n\t\n<div data-spectra-id=\"spectra-mg0q0nxv-piyupy\" style=\"overflow: visible\" class=\"spectra-overlay-color spectra-overflow wp-block-spectra-container\" data-orientation=\"vertical\">\n\t\n\t<h1 data-spectra-id=\"spectra-62021f15-title\" style=\"--spectra-text-color-hover: var(--ast-global-color-0);color:#ffffff\" class=\"spectra-text-color-hover wp-block-spectra-content has-text-color\">\n\t\tMind Your Business\t<\/h1>\n\n<\/div>\n\n<\/div>\n\n\n<div data-spectra-id=\"spectra-mg0q76gp-5kslrs\"\tstyle=\"overflow: visible;\" class=\"spectra-is-root-container alignfull spectra-overlay-color spectra-overflow wp-block-spectra-container\" data-orientation=\"vertical\"\t>\n\t\n<div data-spectra-id=\"spectra-mg0q83hg-u3cw90\" style=\"overflow: visible\" class=\"spectra-overlay-color spectra-overflow wp-block-spectra-container\" data-orientation=\"vertical\">\n\t\n<div data-spectra-id=\"spectra-mg0q869q-0sd9th\" style=\"overflow: visible\" class=\"spectra-overlay-color spectra-overflow wp-block-spectra-container\" data-orientation=\"vertical\">\n\t\n<div data-spectra-id=\"spectra-mg0qk3d7-g10ydt\" style=\"overflow: visible\" class=\"spectra-overlay-color spectra-overflow wp-block-spectra-container\" data-orientation=\"vertical\">\n\t\n\t<h2 data-spectra-id=\"spectra-mg0qcg0b-uos44o\" style=\"--spectra-text-color: ast-global-color-2\" class=\"has-text-color has-link-color spectra-text-color wp-elements-b75190a0be7c98fd8adf0ac40dc2062f wp-block-spectra-content has-text-color has-ast-global-color-2-color\">\n\t\t<strong>Ota yhteytt\u00e4, niin katsotaan yhdess\u00e4 <\/strong><br><strong>teille sopiva ratkaisu.<\/strong>\t<\/h2>\n\n<\/div>\n\n\n\n<ul data-spectra-id=\"spectra-mg0qddmz-x0npaf\" class=\"spectra-list spectra-list-unordered wp-block-spectra-list\">\n\t\n\n<li data-spectra-id=\"spectra-mg0qddqn-2lxnfy\" class=\"spectra-list-item spectra-list-item-unordered spectra-list-item-level-0 wp-block-spectra-list-child-item\">\n\t\n<div data-spectra-id=\"spectra-mg0qddue-noampu\" style=\"overflow: visible\" class=\"spectra-overlay-color spectra-overflow wp-block-spectra-container\" data-orientation=\"vertical\">\n\t\n\n<figure class=\"wp-block-table\"><table class=\"has-fixed-layout\"><tbody><tr><td><strong>Jouni Nurminen<\/strong><br>Toimitusjohtaja<br><a href=\"http:\/\/trail.canva.com\/CL0\/tel:%2B358503471016\/1\/0100019bf9c78d1c-8b244da6-2ddb-4043-9243-d073a507822f-000000\/mlmJGCb6kI3uQsYwjOEgUUao_zG9Yl2IQGNeKJjRDNo=441\" target=\"_blank\" rel=\"noreferrer noopener\">+358503471016<\/a><br><a href=\"mailto:jouni.nurminen@c-advice.com\" target=\"_blank\" rel=\"noreferrer noopener\">jouni.nurminen@c-advice.com<\/a><\/td><\/tr><\/tbody><\/table><\/figure>\n\n<\/div>\n\n<\/li>\n\n\n\n<li data-spectra-id=\"spectra-cf4c3344-fb85-4e1c-a3c9-4e743f58fdc2\" class=\"spectra-list-item spectra-list-item-unordered spectra-list-item-level-0 wp-block-spectra-list-child-item\">\n\t\n\n<figure class=\"wp-block-table\"><table class=\"has-fixed-layout\"><tbody><tr><td><strong>Heikki Gustafsson<\/strong><br>P\u00e4\u00e4suunnittelija<br><a href=\"http:\/\/trail.canva.com\/CL0\/tel:%2B358500569191\/1\/0100019bf9c78d1c-8b244da6-2ddb-4043-9243-d073a507822f-000000\/NE_Xu8Zp1SKkwQm0W-b7367ZZVvoiIlz_TstFoAwj8o=441\" target=\"_blank\" rel=\"noreferrer noopener\">+358500569191<\/a><br><a href=\"mailto:heikki.gustafsson@c-advice.com\" target=\"_blank\" rel=\"noreferrer noopener\">heikki.gustafsson@c-advice.com<\/a><\/td><\/tr><\/tbody><\/table><\/figure>\n\n<\/li>\n\n<\/ul>\n\n<\/div>\n\n\n<div data-spectra-id=\"spectra-mg0q869s-hsgz12\" style=\"overflow: visible\" class=\"spectra-overlay-color spectra-overflow wp-block-spectra-container\" data-orientation=\"vertical\">\n\t\n<style id=\"wpforms-css-vars-2096\">\n\t\t\t\t#wpforms-2096 {\n\t\t\t\t--wpforms-container-padding: 0px;\n--wpforms-container-border-width: 1px;\n--wpforms-container-border-radius: 3px;\n--wpforms-background-color: rgba(0, 0, 0, 0);\n--wpforms-field-size-input-height: 43px;\n--wpforms-field-size-input-spacing: 15px;\n--wpforms-field-size-font-size: 16px;\n--wpforms-field-size-line-height: 19px;\n--wpforms-field-size-padding-h: 14px;\n--wpforms-field-size-checkbox-size: 16px;\n--wpforms-field-size-sublabel-spacing: 5px;\n--wpforms-field-size-icon-size: 1;\n--wpforms-label-size-font-size: 16px;\n--wpforms-label-size-line-height: 19px;\n--wpforms-label-size-sublabel-font-size: 14px;\n--wpforms-label-size-sublabel-line-height: 17px;\n--wpforms-button-size-font-size: 17px;\n--wpforms-button-size-height: 41px;\n--wpforms-button-size-padding-h: 15px;\n--wpforms-button-size-margin-top: 10px;\n--wpforms-container-shadow-size-box-shadow: none;\n\t\t\t}\n\t\t\t<\/style><div class=\"wpforms-container wpforms-container-full wpforms-render-modern\" id=\"wpforms-2096\"><form id=\"wpforms-form-2096\" class=\"wpforms-validate wpforms-form wpforms-ajax-form\" data-formid=\"2096\" method=\"post\" enctype=\"multipart\/form-data\" action=\"\/index.php?rest_route=%2Fwp%2Fv2%2Fpages%2F26\" data-token=\"8140739b954c51469ca016000274190e\" data-token-time=\"1778240533\"><noscript class=\"wpforms-error-noscript\">Please enable JavaScript in your browser to complete this form.<\/noscript><div id=\"wpforms-error-noscript\" style=\"display: none;\">Please enable JavaScript in your browser to complete this form.<\/div><div class=\"wpforms-field-container\"><div id=\"wpforms-2096-field_2-container\" class=\"wpforms-field wpforms-field-name\" data-field-id=\"2\"><label class=\"wpforms-field-label\" for=\"wpforms-2096-field_2\">Nimi <span class=\"wpforms-required-label\" aria-hidden=\"true\">*<\/span><\/label><input type=\"text\" id=\"wpforms-2096-field_2\" class=\"wpforms-field-medium wpforms-field-required\" name=\"wpforms[fields][2]\" aria-errormessage=\"wpforms-2096-field_2-error\" required><\/div>\t\t<div id=\"wpforms-2096-field_4-container\"\n\t\t\tclass=\"wpforms-field wpforms-field-text\"\n\t\t\tdata-field-type=\"text\"\n\t\t\tdata-field-id=\"4\"\n\t\t\t>\n\t\t\t<label class=\"wpforms-field-label\" for=\"wpforms-2096-field_4\" >haasteet, Huolet, Nimi<\/label>\n\t\t\t<input type=\"text\" id=\"wpforms-2096-field_4\" class=\"wpforms-field-medium\" name=\"wpforms[fields][4]\" >\n\t\t<\/div>\n\t\t<div id=\"wpforms-2096-field_1-container\" class=\"wpforms-field wpforms-field-email\" data-field-id=\"1\"><label class=\"wpforms-field-label\" for=\"wpforms-2096-field_1\">Yhteystiedot <span class=\"wpforms-required-label\" aria-hidden=\"true\">*<\/span><\/label><input type=\"email\" id=\"wpforms-2096-field_1\" class=\"wpforms-field-medium wpforms-field-required\" name=\"wpforms[fields][1]\" spellcheck=\"false\" aria-errormessage=\"wpforms-2096-field_1-error\" required><\/div><div id=\"wpforms-2096-field_3-container\" class=\"wpforms-field wpforms-field-textarea\" data-field-id=\"3\"><label class=\"wpforms-field-label\" for=\"wpforms-2096-field_3\">Huolet, haasteet, toiveet: <span class=\"wpforms-required-label\" aria-hidden=\"true\">*<\/span><\/label><textarea id=\"wpforms-2096-field_3\" class=\"wpforms-field-medium wpforms-field-required\" name=\"wpforms[fields][3]\" aria-errormessage=\"wpforms-2096-field_3-error\" required><\/textarea><\/div><script>\n\t\t\t\t( function() {\n\t\t\t\t\tconst style = document.createElement( 'style' );\n\t\t\t\t\tstyle.appendChild( document.createTextNode( '#wpforms-2096-field_4-container { position: absolute !important; overflow: hidden !important; display: inline !important; height: 1px !important; width: 1px !important; z-index: -1000 !important; padding: 0 !important; } #wpforms-2096-field_4-container input { visibility: hidden; } #wpforms-conversational-form-page #wpforms-2096-field_4-container label { counter-increment: none; }' ) );\n\t\t\t\t\tdocument.head.appendChild( style );\n\t\t\t\t\tdocument.currentScript?.remove();\n\t\t\t\t} )();\n\t\t\t<\/script><\/div><!-- .wpforms-field-container --><div class=\"wpforms-submit-container\" ><input type=\"hidden\" name=\"wpforms[id]\" value=\"2096\"><input type=\"hidden\" name=\"page_title\" value=\"\"><input type=\"hidden\" name=\"page_url\" value=\"https:\/\/www.c-advice.com\/index.php?rest_route=\/wp\/v2\/pages\/26\"><input type=\"hidden\" name=\"url_referer\" value=\"\"><button type=\"submit\" name=\"wpforms[submit]\" id=\"wpforms-submit-2096\" class=\"wpforms-submit\" data-alt-text=\"L\u00e4hetet\u00e4\u00e4n....\" data-submit-text=\"L\u00e4het\u00e4\" aria-live=\"assertive\" value=\"wpforms-submit\">L\u00e4het\u00e4<\/button><img loading=\"lazy\" decoding=\"async\" src=\"https:\/\/www.c-advice.com\/wp-content\/plugins\/wpforms-lite\/assets\/images\/submit-spin.svg\" class=\"wpforms-submit-spinner\" style=\"display: none;\" width=\"26\" height=\"26\" alt=\"Loading\"><\/div><\/form><\/div>  <!-- .wpforms-container -->\n\n<\/div>\n\n<\/div>\n\n<\/div>\n\n\n<div data-spectra-id=\"spectra-ml9c6cow-edcovr\" class=\"spectra-google-map wp-block-spectra-google-map\">\n\t<embed\n\t\tclass=\"spectra-google-map__iframe\"\n\t\ttitle=\"Google Map for Rautatienkatu 23 A20, 15110 Lahti\"\n\t\tsrc=\"https:\/\/maps.google.com\/maps?q=Rautatienkatu+23+A20%2C+15110+Lahti&#038;z=16&#038;hl=fi&#038;t=m&#038;output=embed&#038;iwloc=near\"\n\t\twidth=\"100%\"\n\t\theight=\"100%\"\n\t\tstyle=\"border: 0;\"\n\t\tallowfullscreen=\"\"\n\t\tloading=\"lazy\"\n\t\treferrerpolicy=\"no-referrer-when-downgrade\"\n\t><\/embed>\n<\/div>\n\n\n\n<p><\/p>\n","protected":false},"excerpt":{"rendered":"","protected":false},"author":2,"featured_media":0,"parent":0,"menu_order":0,"comment_status":"closed","ping_status":"closed","template":"","meta":{"_uag_custom_page_level_css":"","site-sidebar-layout":"default","site-content-layout":"","ast-site-content-layout":"full-width-container","site-content-style":"default","site-sidebar-style":"default","ast-global-header-display":"","ast-banner-title-visibility":"","ast-main-header-display":"","ast-hfb-above-header-display":"","ast-hfb-below-header-display":"","ast-hfb-mobile-header-display":"","site-post-title":"disabled","ast-breadcrumbs-content":"","ast-featured-img":"","footer-sml-layout":"","ast-disable-related-posts":"","theme-transparent-header-meta":"enabled","adv-header-id-meta":"","stick-header-meta":"","header-above-stick-meta":"","header-main-stick-meta":"","header-below-stick-meta":"","astra-migrate-meta-layouts":"default","ast-page-background-enabled":"default","ast-page-background-meta":{"desktop":{"background-color":"var(--ast-global-color-4)","background-image":"","background-repeat":"repeat","background-position":"center center","background-size":"auto","background-attachment":"scroll","background-type":"","background-media":"","overlay-type":"","overlay-color":"","overlay-opacity":"","overlay-gradient":""},"tablet":{"background-color":"","background-image":"","background-repeat":"repeat","background-position":"center center","background-size":"auto","background-attachment":"scroll","background-type":"","background-media":"","overlay-type":"","overlay-color":"","overlay-opacity":"","overlay-gradient":""},"mobile":{"background-color":"","background-image":"","background-repeat":"repeat","background-position":"center center","background-size":"auto","background-attachment":"scroll","background-type":"","background-media":"","overlay-type":"","overlay-color":"","overlay-opacity":"","overlay-gradient":""}},"ast-content-background-meta":{"desktop":{"background-color":"var(--ast-global-color-5)","background-image":"","background-repeat":"repeat","background-position":"center center","background-size":"auto","background-attachment":"scroll","background-type":"","background-media":"","overlay-type":"","overlay-color":"","overlay-opacity":"","overlay-gradient":""},"tablet":{"background-color":"var(--ast-global-color-5)","background-image":"","background-repeat":"repeat","background-position":"center center","background-size":"auto","background-attachment":"scroll","background-type":"","background-media":"","overlay-type":"","overlay-color":"","overlay-opacity":"","overlay-gradient":""},"mobile":{"background-color":"var(--ast-global-color-5)","background-image":"","background-repeat":"repeat","background-position":"center center","background-size":"auto","background-attachment":"scroll","background-type":"","background-media":"","overlay-type":"","overlay-color":"","overlay-opacity":"","overlay-gradient":""}},"footnotes":""},"class_list":["post-26","page","type-page","status-publish","hentry"],"uagb_featured_image_src":{"full":false,"thumbnail":false,"medium":false,"medium_large":false,"large":false,"1536x1536":false,"2048x2048":false},"uagb_author_info":{"display_name":"Sanna Rantanen","author_link":"https:\/\/www.c-advice.com\/?author=2"},"uagb_comment_info":0,"uagb_excerpt":null,"_links":{"self":[{"href":"https:\/\/www.c-advice.com\/index.php?rest_route=\/wp\/v2\/pages\/26","targetHints":{"allow":["GET"]}}],"collection":[{"href":"https:\/\/www.c-advice.com\/index.php?rest_route=\/wp\/v2\/pages"}],"about":[{"href":"https:\/\/www.c-advice.com\/index.php?rest_route=\/wp\/v2\/types\/page"}],"author":[{"embeddable":true,"href":"https:\/\/www.c-advice.com\/index.php?rest_route=\/wp\/v2\/users\/2"}],"replies":[{"embeddable":true,"href":"https:\/\/www.c-advice.com\/index.php?rest_route=%2Fwp%2Fv2%2Fcomments&post=26"}],"version-history":[{"count":18,"href":"https:\/\/www.c-advice.com\/index.php?rest_route=\/wp\/v2\/pages\/26\/revisions"}],"predecessor-version":[{"id":3103,"href":"https:\/\/www.c-advice.com\/index.php?rest_route=\/wp\/v2\/pages\/26\/revisions\/3103"}],"wp:attachment":[{"href":"https:\/\/www.c-advice.com\/index.php?rest_route=%2Fwp%2Fv2%2Fmedia&parent=26"}],"curies":[{"name":"wp","href":"https:\/\/api.w.org\/{rel}","templated":true}]}}